{"id":689,"date":"2024-06-06T06:16:26","date_gmt":"2024-06-06T06:16:26","guid":{"rendered":"https:\/\/hasatbno.com\/bgys-politikasi\/"},"modified":"2024-07-01T11:27:55","modified_gmt":"2024-07-01T11:27:55","slug":"isms-policy","status":"publish","type":"page","link":"https:\/\/hasatbno.com\/en\/isms-policy\/","title":{"rendered":"ISMS Policy"},"content":{"rendered":"\t\t<div data-elementor-type=\"wp-page\" data-elementor-id=\"689\" class=\"elementor elementor-689 elementor-364\" data-elementor-post-type=\"page\">\n\t\t\t\t<div class=\"elementor-element elementor-element-4c73be0d e-flex e-con-boxed e-con e-parent\" data-id=\"4c73be0d\" data-element_type=\"container\" data-e-type=\"container\" data-settings=\"{&quot;background_background&quot;:&quot;classic&quot;}\">\n\t\t\t\t\t<div class=\"e-con-inner\">\n\t\t<div class=\"elementor-element elementor-element-7abfa773 e-con-full e-flex e-con e-child\" data-id=\"7abfa773\" data-element_type=\"container\" data-e-type=\"container\">\n\t\t\t\t<div class=\"elementor-element elementor-element-287f1150 elementor-invisible elementor-widget elementor-widget-heading\" data-id=\"287f1150\" data-element_type=\"widget\" data-e-type=\"widget\" data-settings=\"{&quot;_animation&quot;:&quot;fadeInUp&quot;}\" data-widget_type=\"heading.default\">\n\t\t\t\t<div class=\"elementor-widget-container\">\n\t\t\t\t\t<h1 class=\"elementor-heading-title elementor-size-default\">ISMS Policy<\/h1>\t\t\t\t<\/div>\n\t\t\t\t<\/div>\n\t\t\t\t<\/div>\n\t\t\t\t\t<\/div>\n\t\t\t\t<\/div>\n\t\t<div class=\"elementor-element elementor-element-23c0a858 e-flex e-con-boxed e-con e-parent\" data-id=\"23c0a858\" data-element_type=\"container\" data-e-type=\"container\">\n\t\t\t\t\t<div class=\"e-con-inner\">\n\t\t<div class=\"elementor-element elementor-element-4f20eeb e-con-full e-flex elementor-invisible e-con e-child\" data-id=\"4f20eeb\" data-element_type=\"container\" data-e-type=\"container\" data-settings=\"{&quot;animation&quot;:&quot;fadeIn&quot;,&quot;animation_delay&quot;:200}\">\n\t\t\t\t<div class=\"elementor-element elementor-element-61483b23 elementor-widget elementor-widget-text-editor\" data-id=\"61483b23\" data-element_type=\"widget\" data-e-type=\"widget\" data-widget_type=\"text-editor.default\">\n\t\t\t\t<div class=\"elementor-widget-container\">\n\t\t\t\t\t\t\t\t\t<p class=\"p1\">The main theme of the TS EN ISO 27001:2013 Information Security Management System at <b>HASAT BNO GRUP GIDA YEMEK HAYVANCILIK TEKST\u0130L \u0130N\u015eAAT SANAY\u0130 T\u0130CARET ANON\u0130M \u015e\u0130RKET\u0130<\/b> is that the top management implements the Information Security Management System in accordance with the requirements specified in ISO\/IEC 27001 to achieve the objectives and policies set within the scope of ISO 27001. As a result of this commitment, the company organizes information security awareness programs across the organization and continues its infrastructure investments.<\/p><p class=\"p1\">When establishing the ISMS (Information Security Management System), the top management appoints the ISMS Manager through an official appointment letter. If the ISMS Manager changes or leaves the position, the top management revises the document and reappoints the position. The authority to appoint and change the ISMS Manager lies with the top management.<\/p><p class=\"p6\">In this regard, the purpose of our ISMS Policy is to:<\/p><ul class=\"ul1\"><li>Manage information assets, identify the security values, needs, and risks of the assets, and develop and implement controls for security risks.<\/li><li>Define the framework for determining the security needs, vulnerabilities, threats to the assets, and the frequency of these threats concerning the values of the information assets.<\/li><li>Define a framework for assessing the impacts of threats on the confidentiality, integrity, and availability of assets.<\/li><li>Establish the principles for processing risks.<\/li><li>Continuously monitor risks by reviewing technological expectations within the service scope context.<\/li><li>Fulfill national or international regulations, legal and relevant legislative requirements, obligations arising from agreements, and corporate responsibilities towards internal and external stakeholders.<\/li><li>Reduce the impact of information security threats on service continuity and contribute to continuity.<\/li><li>Have the capability to respond swiftly to potential information security incidents and minimize the impact of such incidents.<\/li><li>Maintain and improve the level of information security over time with a cost-effective control infrastructure.<\/li><li>Enhance the institution&#8217;s reputation and protect it from negative impacts based on information security.<\/li><li>Ensure the continuity of the Information Security Management System.<\/li><li>Continuously improve the Information Security Management System.<\/li><\/ul>\t\t\t\t\t\t\t\t<\/div>\n\t\t\t\t<\/div>\n\t\t\t\t<\/div>\n\t\t\t\t\t<\/div>\n\t\t\t\t<\/div>\n\t\t<div class=\"elementor-element elementor-element-4f26edfe e-flex e-con-boxed e-con e-parent\" data-id=\"4f26edfe\" data-element_type=\"container\" data-e-type=\"container\" data-settings=\"{&quot;background_background&quot;:&quot;classic&quot;}\">\n\t\t\t\t\t<div class=\"e-con-inner\">\n\t\t<div class=\"elementor-element elementor-element-54068a0b e-con-full e-flex e-con e-child\" data-id=\"54068a0b\" data-element_type=\"container\" data-e-type=\"container\">\n\t\t\t\t<div class=\"elementor-element elementor-element-5f72c374 elementor-widget elementor-widget-heading\" data-id=\"5f72c374\" data-element_type=\"widget\" data-e-type=\"widget\" data-widget_type=\"heading.default\">\n\t\t\t\t<div class=\"elementor-widget-container\">\n\t\t\t\t\t<div class=\"elementor-heading-title elementor-size-default\">Discover and Connect with Us!<\/div>\t\t\t\t<\/div>\n\t\t\t\t<\/div>\n\t\t\t\t<div class=\"elementor-element elementor-element-3ac50e90 elementor-widget elementor-widget-text-editor\" data-id=\"3ac50e90\" data-element_type=\"widget\" data-e-type=\"widget\" data-widget_type=\"text-editor.default\">\n\t\t\t\t<div class=\"elementor-widget-container\">\n\t\t\t\t\t\t\t\t\t<p>Explore our product range and enjoy flavor-filled experiences. Don&#8217;t hesitate to contact us for special requests.<\/p>\t\t\t\t\t\t\t\t<\/div>\n\t\t\t\t<\/div>\n\t\t\t\t<div class=\"elementor-element elementor-element-432c1f2f elementor-align-center elementor-widget elementor-widget-button\" data-id=\"432c1f2f\" data-element_type=\"widget\" data-e-type=\"widget\" data-widget_type=\"button.default\">\n\t\t\t\t<div class=\"elementor-widget-container\">\n\t\t\t\t\t\t\t\t\t<div class=\"elementor-button-wrapper\">\n\t\t\t\t\t<a class=\"elementor-button elementor-button-link elementor-size-md\" href=\"https:\/\/hasatbno.com\/en\/contact\/\">\n\t\t\t\t\t\t<span class=\"elementor-button-content-wrapper\">\n\t\t\t\t\t\t\t\t\t<span class=\"elementor-button-text\">Contact<\/span>\n\t\t\t\t\t<\/span>\n\t\t\t\t\t<\/a>\n\t\t\t\t<\/div>\n\t\t\t\t\t\t\t\t<\/div>\n\t\t\t\t<\/div>\n\t\t\t\t<\/div>\n\t\t\t\t\t<\/div>\n\t\t\t\t<\/div>\n\t\t\t\t<\/div>\n\t\t","protected":false},"excerpt":{"rendered":"<p>The main theme of the TS EN ISO 27001:2013 Information Security Management System at HASAT BNO GRUP GIDA YEMEK HAYVANCILIK TEKST\u0130L \u0130N\u015eAAT SANAY\u0130 T\u0130CARET ANON\u0130M \u015e\u0130RKET\u0130 is that the top management implements the Information Security Management System in accordance with the requirements specified in ISO\/IEC 27001 to achieve the objectives and policies set within the [&hellip;]<\/p>\n","protected":false},"author":1,"featured_media":0,"parent":0,"menu_order":0,"comment_status":"closed","ping_status":"closed","template":"","meta":{"footnotes":""},"class_list":["post-689","page","type-page","status-publish","hentry"],"_links":{"self":[{"href":"https:\/\/hasatbno.com\/en\/wp-json\/wp\/v2\/pages\/689","targetHints":{"allow":["GET"]}}],"collection":[{"href":"https:\/\/hasatbno.com\/en\/wp-json\/wp\/v2\/pages"}],"about":[{"href":"https:\/\/hasatbno.com\/en\/wp-json\/wp\/v2\/types\/page"}],"author":[{"embeddable":true,"href":"https:\/\/hasatbno.com\/en\/wp-json\/wp\/v2\/users\/1"}],"replies":[{"embeddable":true,"href":"https:\/\/hasatbno.com\/en\/wp-json\/wp\/v2\/comments?post=689"}],"version-history":[{"count":4,"href":"https:\/\/hasatbno.com\/en\/wp-json\/wp\/v2\/pages\/689\/revisions"}],"predecessor-version":[{"id":693,"href":"https:\/\/hasatbno.com\/en\/wp-json\/wp\/v2\/pages\/689\/revisions\/693"}],"wp:attachment":[{"href":"https:\/\/hasatbno.com\/en\/wp-json\/wp\/v2\/media?parent=689"}],"curies":[{"name":"wp","href":"https:\/\/api.w.org\/{rel}","templated":true}]}}