{"id":694,"date":"2024-07-01T05:22:01","date_gmt":"2024-07-01T05:22:01","guid":{"rendered":"https:\/\/hasatbno.com\/stajyer-tedarikci-yetkilisi-calisani-acik-riza-metni\/"},"modified":"2024-07-01T11:35:48","modified_gmt":"2024-07-01T11:35:48","slug":"intern-supplier-representative-employee-explicit-consent-form","status":"publish","type":"page","link":"https:\/\/hasatbno.com\/en\/intern-supplier-representative-employee-explicit-consent-form\/","title":{"rendered":"Intern, Supplier Representative \/ Employee Explicit Consent Form"},"content":{"rendered":"\t\t<div data-elementor-type=\"wp-page\" data-elementor-id=\"694\" class=\"elementor elementor-694 elementor-491\" data-elementor-post-type=\"page\">\n\t\t\t\t<div class=\"elementor-element elementor-element-b1d3cd6 e-flex e-con-boxed e-con e-parent\" data-id=\"b1d3cd6\" data-element_type=\"container\" data-e-type=\"container\" data-settings=\"{&quot;background_background&quot;:&quot;classic&quot;}\">\n\t\t\t\t\t<div class=\"e-con-inner\">\n\t\t<div class=\"elementor-element elementor-element-45e8506 e-con-full e-flex e-con e-child\" data-id=\"45e8506\" data-element_type=\"container\" data-e-type=\"container\">\n\t\t\t\t<div class=\"elementor-element elementor-element-e1f72a2 elementor-invisible elementor-widget elementor-widget-heading\" data-id=\"e1f72a2\" data-element_type=\"widget\" data-e-type=\"widget\" data-settings=\"{&quot;_animation&quot;:&quot;fadeInUp&quot;}\" data-widget_type=\"heading.default\">\n\t\t\t\t<div class=\"elementor-widget-container\">\n\t\t\t\t\t<h1 class=\"elementor-heading-title elementor-size-default\">HASAT BNO GROUP FOOD MEAL LIVESTOCK TEXTILE CONSTRUCTION INDUSTRY AND TRADE JOINT STOCK COMPANY INTERN, SUPPLIER REPRESENTATIVE\/EMPLOYEE EXPLICIT CONSENT STATEMENT<\/h1>\t\t\t\t<\/div>\n\t\t\t\t<\/div>\n\t\t\t\t<\/div>\n\t\t\t\t\t<\/div>\n\t\t\t\t<\/div>\n\t\t<div class=\"elementor-element elementor-element-1081dc5 e-flex e-con-boxed e-con e-parent\" data-id=\"1081dc5\" data-element_type=\"container\" data-e-type=\"container\">\n\t\t\t\t\t<div class=\"e-con-inner\">\n\t\t<div class=\"elementor-element elementor-element-edb1be4 e-con-full e-flex elementor-invisible e-con e-child\" data-id=\"edb1be4\" data-element_type=\"container\" data-e-type=\"container\" data-settings=\"{&quot;animation&quot;:&quot;fadeIn&quot;,&quot;animation_delay&quot;:200}\">\n\t\t\t\t<div class=\"elementor-element elementor-element-4cf0a96 elementor-widget elementor-widget-text-editor\" data-id=\"4cf0a96\" data-element_type=\"widget\" data-e-type=\"widget\" data-widget_type=\"text-editor.default\">\n\t\t\t\t<div class=\"elementor-widget-container\">\n\t\t\t\t\t\t\t\t\t<p>Residing at Y\u0131ld\u0131r\u0131m Neighborhood, 35th Street, No: 62-\/- Menemen, \u0130zmir, I acknowledge that I have read and understood the disclosure text and personal data protection policy of <b>HASAT BNO GROUP FOOD MEAL LIVESTOCK TEXTILE CONSTRUCTION INDUSTRY AND TRADE JOINT STOCK COMPANY<\/b>. In accordance with the Personal Data Protection Law No. 6698, I have been informed by the <b>Company<\/b>\u00a0about the purposes for which my personal data will be processed, to whom and for what purposes the processed personal data may be transferred, the method and legal basis of personal data collection, and my other rights listed in Article 11 of the Law, leaving no room for doubt.<\/p><p>By the <b>Company<\/b>, in accordance with the relevant provisions of the Personal Data Protection Law No. 6698 (\u201c<b>Law<\/b>\u201d); I consent to the processing of my health data, which is classified as sensitive personal data, (i) to fulfill legal obligations, (ii) to conduct occupational health and safety activities, (iii) to ensure activities are conducted in compliance with legislation, (iv) to conduct storage and archiving activities, and (v) to provide information to authorized persons, institutions, and organizations. I also consent to the transfer of this data to the Company\u2019s parent company and group companies, public institutions and organizations, persons, institutions, and organizations from whom services are received for these purposes, supplier companies due to the use of cloud computing infrastructure, and its retention for the necessary period. I am aware that I have the right to withdraw this statement at any time with the understanding of my rights as a data subject, and I give my explicit consent with my free will.<\/p>\t\t\t\t\t\t\t\t<\/div>\n\t\t\t\t<\/div>\n\t\t\t\t<div class=\"elementor-element elementor-element-4bcda95 elementor-button-align-stretch elementor-widget elementor-widget-form\" data-id=\"4bcda95\" data-element_type=\"widget\" data-e-type=\"widget\" data-settings=\"{&quot;step_next_label&quot;:&quot;Next&quot;,&quot;step_previous_label&quot;:&quot;Previous&quot;,&quot;button_width&quot;:&quot;100&quot;,&quot;step_type&quot;:&quot;number_text&quot;,&quot;step_icon_shape&quot;:&quot;circle&quot;}\" data-widget_type=\"form.default\">\n\t\t\t\t<div class=\"elementor-widget-container\">\n\t\t\t\t\t\t\t<form class=\"elementor-form\" method=\"post\" name=\"StajerCalisanRizaBeyanForm\">\n\t\t\t<input type=\"hidden\" name=\"post_id\" value=\"694\"\/>\n\t\t\t<input type=\"hidden\" name=\"form_id\" value=\"4bcda95\"\/>\n\t\t\t<input type=\"hidden\" name=\"referer_title\" value=\"Intern, Supplier Representative \/ Employee Explicit Consent Form\" \/>\n\n\t\t\t\t\t\t\t<input type=\"hidden\" name=\"queried_id\" value=\"694\"\/>\n\t\t\t\n\t\t\t<div class=\"elementor-form-fields-wrapper elementor-labels-\">\n\t\t\t\t\t\t\t\t<div class=\"elementor-field-type-radio elementor-field-group elementor-column elementor-field-group-field_d031f48 elementor-col-100 elementor-field-required\">\n\t\t\t\t\t\t\t\t\t\t\t\t<label for=\"form-field-field_d031f48\" class=\"elementor-field-label elementor-screen-only\">\n\t\t\t\t\t\t\t\tR\u0131za\t\t\t\t\t\t\t<\/label>\n\t\t\t\t\t\t<div class=\"elementor-field-subgroup  \"><span class=\"elementor-field-option\"><input type=\"radio\" value=\"rizam_vardir\" id=\"form-field-field_d031f48-0\" name=\"form_fields[field_d031f48]\" required=\"required\"> <label for=\"form-field-field_d031f48-0\">I CONSENT. (I accept, declare, and undertake in advance that I give permission for the collection, recording, processing, and storage of my data within the framework of the principles stated above.)<\/label><\/span><span class=\"elementor-field-option\"><input type=\"radio\" value=\"rizam_yoktur\" id=\"form-field-field_d031f48-1\" name=\"form_fields[field_d031f48]\" required=\"required\"> <label for=\"form-field-field_d031f48-1\">I DO NOT CONSENT. (I do not give permission for the collection, recording, processing, and storage of my data within the framework of the principles stated above.)<\/label><\/span><\/div>\t\t\t\t<\/div>\n\t\t\t\t\t\t\t\t<div class=\"elementor-field-type-text elementor-field-group elementor-column elementor-field-group-name elementor-col-100 elementor-field-required\">\n\t\t\t\t\t\t\t\t\t\t\t\t<label for=\"form-field-name\" class=\"elementor-field-label elementor-screen-only\">\n\t\t\t\t\t\t\t\t\u0130sim\t\t\t\t\t\t\t<\/label>\n\t\t\t\t\t\t\t\t\t\t\t\t\t\t<input size=\"1\" type=\"text\" name=\"form_fields[name]\" id=\"form-field-name\" class=\"elementor-field elementor-size-sm  elementor-field-textual\" placeholder=\"Name Surname\" required=\"required\">\n\t\t\t\t\t\t\t\t\t\t\t<\/div>\n\t\t\t\t\t\t\t\t<div class=\"elementor-field-type-text\">\n\t\t\t\t\t<input size=\"1\" type=\"text\" name=\"form_fields[email]\" id=\"form-field-email\" class=\"elementor-field elementor-size-sm \" style=\"display:none !important;\">\t\t\t\t<\/div>\n\t\t\t\t\t\t\t\t<div class=\"elementor-field-group elementor-column elementor-field-type-submit elementor-col-100 e-form__buttons\">\n\t\t\t\t\t<button class=\"elementor-button elementor-size-sm\" type=\"submit\">\n\t\t\t\t\t\t<span class=\"elementor-button-content-wrapper\">\n\t\t\t\t\t\t\t\t\t\t\t\t\t\t\t\t\t\t\t\t\t\t<span class=\"elementor-button-text\">Send<\/span>\n\t\t\t\t\t\t\t\t\t\t\t\t\t<\/span>\n\t\t\t\t\t<\/button>\n\t\t\t\t<\/div>\n\t\t\t<\/div>\n\t\t<\/form>\n\t\t\t\t\t\t<\/div>\n\t\t\t\t<\/div>\n\t\t\t\t<\/div>\n\t\t\t\t\t<\/div>\n\t\t\t\t<\/div>\n\t\t<div class=\"elementor-element elementor-element-80060f8 e-flex e-con-boxed e-con e-parent\" data-id=\"80060f8\" data-element_type=\"container\" data-e-type=\"container\" data-settings=\"{&quot;background_background&quot;:&quot;classic&quot;}\">\n\t\t\t\t\t<div class=\"e-con-inner\">\n\t\t<div class=\"elementor-element elementor-element-eba6e0c e-con-full e-flex e-con e-child\" data-id=\"eba6e0c\" data-element_type=\"container\" data-e-type=\"container\">\n\t\t\t\t<div class=\"elementor-element elementor-element-4d80404 elementor-widget elementor-widget-heading\" data-id=\"4d80404\" data-element_type=\"widget\" data-e-type=\"widget\" data-widget_type=\"heading.default\">\n\t\t\t\t<div class=\"elementor-widget-container\">\n\t\t\t\t\t<div class=\"elementor-heading-title elementor-size-default\">Discover and Connect with Us!<\/div>\t\t\t\t<\/div>\n\t\t\t\t<\/div>\n\t\t\t\t<div class=\"elementor-element elementor-element-6fe90f9 elementor-widget elementor-widget-text-editor\" data-id=\"6fe90f9\" data-element_type=\"widget\" data-e-type=\"widget\" data-widget_type=\"text-editor.default\">\n\t\t\t\t<div class=\"elementor-widget-container\">\n\t\t\t\t\t\t\t\t\t<p>Explore our product range and enjoy flavor-filled experiences. Don&#8217;t hesitate to contact us for special requests.<\/p>\t\t\t\t\t\t\t\t<\/div>\n\t\t\t\t<\/div>\n\t\t\t\t<div class=\"elementor-element elementor-element-c99ae5d elementor-align-center elementor-widget elementor-widget-button\" data-id=\"c99ae5d\" data-element_type=\"widget\" data-e-type=\"widget\" data-widget_type=\"button.default\">\n\t\t\t\t<div class=\"elementor-widget-container\">\n\t\t\t\t\t\t\t\t\t<div class=\"elementor-button-wrapper\">\n\t\t\t\t\t<a class=\"elementor-button elementor-button-link elementor-size-md\" href=\"https:\/\/hasatbno.com\/en\/contact\/\">\n\t\t\t\t\t\t<span class=\"elementor-button-content-wrapper\">\n\t\t\t\t\t\t\t\t\t<span class=\"elementor-button-text\">Contact<\/span>\n\t\t\t\t\t<\/span>\n\t\t\t\t\t<\/a>\n\t\t\t\t<\/div>\n\t\t\t\t\t\t\t\t<\/div>\n\t\t\t\t<\/div>\n\t\t\t\t<\/div>\n\t\t\t\t\t<\/div>\n\t\t\t\t<\/div>\n\t\t\t\t<\/div>\n\t\t","protected":false},"excerpt":{"rendered":"<p>HASAT BNO GROUP FOOD MEAL LIVESTOCK TEXTILE CONSTRUCTION INDUSTRY AND TRADE JOINT STOCK COMPANY INTERN, SUPPLIER REPRESENTATIVE\/EMPLOYEE EXPLICIT CONSENT STATEMENT Residing at Y\u0131ld\u0131r\u0131m Neighborhood, 35th Street, No: 62-\/- Menemen, \u0130zmir, I acknowledge that I have read and understood the disclosure text and personal data protection policy of HASAT BNO GROUP FOOD MEAL LIVESTOCK TEXTILE CONSTRUCTION [&hellip;]<\/p>\n","protected":false},"author":1,"featured_media":0,"parent":0,"menu_order":0,"comment_status":"closed","ping_status":"closed","template":"","meta":{"footnotes":""},"class_list":["post-694","page","type-page","status-publish","hentry"],"_links":{"self":[{"href":"https:\/\/hasatbno.com\/en\/wp-json\/wp\/v2\/pages\/694","targetHints":{"allow":["GET"]}}],"collection":[{"href":"https:\/\/hasatbno.com\/en\/wp-json\/wp\/v2\/pages"}],"about":[{"href":"https:\/\/hasatbno.com\/en\/wp-json\/wp\/v2\/types\/page"}],"author":[{"embeddable":true,"href":"https:\/\/hasatbno.com\/en\/wp-json\/wp\/v2\/users\/1"}],"replies":[{"embeddable":true,"href":"https:\/\/hasatbno.com\/en\/wp-json\/wp\/v2\/comments?post=694"}],"version-history":[{"count":8,"href":"https:\/\/hasatbno.com\/en\/wp-json\/wp\/v2\/pages\/694\/revisions"}],"predecessor-version":[{"id":704,"href":"https:\/\/hasatbno.com\/en\/wp-json\/wp\/v2\/pages\/694\/revisions\/704"}],"wp:attachment":[{"href":"https:\/\/hasatbno.com\/en\/wp-json\/wp\/v2\/media?parent=694"}],"curies":[{"name":"wp","href":"https:\/\/api.w.org\/{rel}","templated":true}]}}