{"id":705,"date":"2024-07-01T05:37:59","date_gmt":"2024-07-01T05:37:59","guid":{"rendered":"https:\/\/hasatbno.com\/ciftci-tedarikci-yetkilisi-calisani-acik-riza-beyani\/"},"modified":"2024-07-01T11:40:49","modified_gmt":"2024-07-01T11:40:49","slug":"farmer-explicit-consent-form","status":"publish","type":"page","link":"https:\/\/hasatbno.com\/en\/farmer-explicit-consent-form\/","title":{"rendered":"Farmer Explicit Consent Form"},"content":{"rendered":"\t\t<div data-elementor-type=\"wp-page\" data-elementor-id=\"705\" class=\"elementor elementor-705 elementor-498\" data-elementor-post-type=\"page\">\n\t\t\t\t<div class=\"elementor-element elementor-element-948ccf8 e-flex e-con-boxed e-con e-parent\" data-id=\"948ccf8\" data-element_type=\"container\" data-e-type=\"container\" data-settings=\"{&quot;background_background&quot;:&quot;classic&quot;}\">\n\t\t\t\t\t<div class=\"e-con-inner\">\n\t\t<div class=\"elementor-element elementor-element-483c04f e-con-full e-flex e-con e-child\" data-id=\"483c04f\" data-element_type=\"container\" data-e-type=\"container\">\n\t\t\t\t<div class=\"elementor-element elementor-element-a0ced8f elementor-invisible elementor-widget elementor-widget-heading\" data-id=\"a0ced8f\" data-element_type=\"widget\" data-e-type=\"widget\" data-settings=\"{&quot;_animation&quot;:&quot;fadeInUp&quot;}\" data-widget_type=\"heading.default\">\n\t\t\t\t<div class=\"elementor-widget-container\">\n\t\t\t\t\t<h1 class=\"elementor-heading-title elementor-size-default\">\nHASAT BNO GROUP FOOD CATERING LIVESTOCK TEXTILE CONSTRUCTION INDUSTRY AND TRADE JOINT STOCK COMPANY FARMER, SUPPLIER REPRESENTATIVE \/ EMPLOYEE EXPLICIT CONSENT DECLARATION<\/h1>\t\t\t\t<\/div>\n\t\t\t\t<\/div>\n\t\t\t\t<\/div>\n\t\t\t\t\t<\/div>\n\t\t\t\t<\/div>\n\t\t<div class=\"elementor-element elementor-element-4423d6c e-flex e-con-boxed e-con e-parent\" data-id=\"4423d6c\" data-element_type=\"container\" data-e-type=\"container\">\n\t\t\t\t\t<div class=\"e-con-inner\">\n\t\t<div class=\"elementor-element elementor-element-eec3f85 e-con-full e-flex elementor-invisible e-con e-child\" data-id=\"eec3f85\" data-element_type=\"container\" data-e-type=\"container\" data-settings=\"{&quot;animation&quot;:&quot;fadeIn&quot;,&quot;animation_delay&quot;:200}\">\n\t\t\t\t<div class=\"elementor-element elementor-element-4550e3d elementor-widget elementor-widget-text-editor\" data-id=\"4550e3d\" data-element_type=\"widget\" data-e-type=\"widget\" data-widget_type=\"text-editor.default\">\n\t\t\t\t<div class=\"elementor-widget-container\">\n\t\t\t\t\t\t\t\t\t<p>I have read and understood the disclosure text and personal data protection policy of <b>HASAT BNO GRUP GIDA YEMEK HAYVANCILIK TEKST\u0130L \u0130N\u015eAAT SANAY\u0130 T\u0130CARET ANON\u0130M \u015e\u0130RKET\u0130<\/b>, located at YILDIRIM MAHALLES\u0130 35 SOKAK NO: 62-\/- MENEMEN \u0130ZM\u0130R. I have been informed clearly about the purpose of processing my personal data by the <b>Company<\/b>, to whom and for what purposes the processed personal data may be transferred, the method and legal reason for collecting personal data, and my other rights stated in Article 11 of the Personal Data Protection Law No. 6698.<\/p><p>I hereby give my explicit consent, knowing that I have the right to withdraw this consent at any time and having been informed about my rights as the data subject, to the processing of my personal data, including my name, surname, and contact information, by the <b>Company<\/b> in accordance with the relevant provisions of the Personal Data Protection Law No. 6698 (\u201c<b>Law<\/b>\u201d); and the transfer of these personal data to supplier institutions, organizations, and individuals for the purposes of informing them to ensure an agreement can be reached with supplier institutions, organizations, and individuals who will supply seedlings, and their storage for the required period, within the framework of the purposes of (i) Conducting \/ Supervising Business Activities, (ii) Managing Goods \/ Services Purchasing Processes, and (iii) Managing Supply Chain Processes.<\/p>\t\t\t\t\t\t\t\t<\/div>\n\t\t\t\t<\/div>\n\t\t\t\t<div class=\"elementor-element elementor-element-d7f606f elementor-button-align-stretch elementor-widget elementor-widget-form\" data-id=\"d7f606f\" data-element_type=\"widget\" data-e-type=\"widget\" data-settings=\"{&quot;step_next_label&quot;:&quot;Next&quot;,&quot;step_previous_label&quot;:&quot;Previous&quot;,&quot;button_width&quot;:&quot;100&quot;,&quot;step_type&quot;:&quot;number_text&quot;,&quot;step_icon_shape&quot;:&quot;circle&quot;}\" data-widget_type=\"form.default\">\n\t\t\t\t<div class=\"elementor-widget-container\">\n\t\t\t\t\t\t\t<form class=\"elementor-form\" method=\"post\" name=\"CiftciCalisanRizaBeyanForm\">\n\t\t\t<input type=\"hidden\" name=\"post_id\" value=\"705\"\/>\n\t\t\t<input type=\"hidden\" name=\"form_id\" value=\"d7f606f\"\/>\n\t\t\t<input type=\"hidden\" name=\"referer_title\" value=\"Farmer Explicit Consent Form\" \/>\n\n\t\t\t\t\t\t\t<input type=\"hidden\" name=\"queried_id\" value=\"705\"\/>\n\t\t\t\n\t\t\t<div class=\"elementor-form-fields-wrapper elementor-labels-\">\n\t\t\t\t\t\t\t\t<div class=\"elementor-field-type-radio elementor-field-group elementor-column elementor-field-group-field_d031f48 elementor-col-100 elementor-field-required\">\n\t\t\t\t\t\t\t\t\t\t\t\t<label for=\"form-field-field_d031f48\" class=\"elementor-field-label elementor-screen-only\">\n\t\t\t\t\t\t\t\tR\u0131za\t\t\t\t\t\t\t<\/label>\n\t\t\t\t\t\t<div class=\"elementor-field-subgroup  \"><span class=\"elementor-field-option\"><input type=\"radio\" value=\"rizam_vardir\" id=\"form-field-field_d031f48-0\" name=\"form_fields[field_d031f48]\" required=\"required\"> <label for=\"form-field-field_d031f48-0\">I CONSENT. (I accept, declare, and undertake in advance that I give permission for the collection, recording, processing, and storage of my data within the framework of the principles stated above.)<\/label><\/span><span class=\"elementor-field-option\"><input type=\"radio\" value=\"rizam_yoktur\" id=\"form-field-field_d031f48-1\" name=\"form_fields[field_d031f48]\" required=\"required\"> <label for=\"form-field-field_d031f48-1\">I DO NOT CONSENT. (I do not give permission for the collection, recording, processing, and storage of my data within the framework of the principles stated above.)<\/label><\/span><\/div>\t\t\t\t<\/div>\n\t\t\t\t\t\t\t\t<div class=\"elementor-field-type-text elementor-field-group elementor-column elementor-field-group-name elementor-col-100 elementor-field-required\">\n\t\t\t\t\t\t\t\t\t\t\t\t<label for=\"form-field-name\" class=\"elementor-field-label elementor-screen-only\">\n\t\t\t\t\t\t\t\t\u0130sim\t\t\t\t\t\t\t<\/label>\n\t\t\t\t\t\t\t\t\t\t\t\t\t\t<input size=\"1\" type=\"text\" name=\"form_fields[name]\" id=\"form-field-name\" class=\"elementor-field elementor-size-sm  elementor-field-textual\" placeholder=\"Name Surname\" required=\"required\">\n\t\t\t\t\t\t\t\t\t\t\t<\/div>\n\t\t\t\t\t\t\t\t<div class=\"elementor-field-type-text\">\n\t\t\t\t\t<input size=\"1\" type=\"text\" name=\"form_fields[email]\" id=\"form-field-email\" class=\"elementor-field elementor-size-sm \" style=\"display:none !important;\">\t\t\t\t<\/div>\n\t\t\t\t\t\t\t\t<div class=\"elementor-field-group elementor-column elementor-field-type-submit elementor-col-100 e-form__buttons\">\n\t\t\t\t\t<button class=\"elementor-button elementor-size-sm\" type=\"submit\">\n\t\t\t\t\t\t<span class=\"elementor-button-content-wrapper\">\n\t\t\t\t\t\t\t\t\t\t\t\t\t\t\t\t\t\t\t\t\t\t<span class=\"elementor-button-text\">Send<\/span>\n\t\t\t\t\t\t\t\t\t\t\t\t\t<\/span>\n\t\t\t\t\t<\/button>\n\t\t\t\t<\/div>\n\t\t\t<\/div>\n\t\t<\/form>\n\t\t\t\t\t\t<\/div>\n\t\t\t\t<\/div>\n\t\t\t\t<\/div>\n\t\t\t\t\t<\/div>\n\t\t\t\t<\/div>\n\t\t<div class=\"elementor-element elementor-element-48ef666 e-flex e-con-boxed e-con e-parent\" data-id=\"48ef666\" data-element_type=\"container\" data-e-type=\"container\" data-settings=\"{&quot;background_background&quot;:&quot;classic&quot;}\">\n\t\t\t\t\t<div class=\"e-con-inner\">\n\t\t<div class=\"elementor-element elementor-element-7529fb2 e-con-full e-flex e-con e-child\" data-id=\"7529fb2\" data-element_type=\"container\" data-e-type=\"container\">\n\t\t\t\t<div class=\"elementor-element elementor-element-15c0205 elementor-widget elementor-widget-heading\" data-id=\"15c0205\" data-element_type=\"widget\" data-e-type=\"widget\" data-widget_type=\"heading.default\">\n\t\t\t\t<div class=\"elementor-widget-container\">\n\t\t\t\t\t<div class=\"elementor-heading-title elementor-size-default\">Discover and Connect with Us!<\/div>\t\t\t\t<\/div>\n\t\t\t\t<\/div>\n\t\t\t\t<div class=\"elementor-element elementor-element-ff344f3 elementor-widget elementor-widget-text-editor\" data-id=\"ff344f3\" data-element_type=\"widget\" data-e-type=\"widget\" data-widget_type=\"text-editor.default\">\n\t\t\t\t<div class=\"elementor-widget-container\">\n\t\t\t\t\t\t\t\t\t<p>Explore our product range and enjoy flavor-filled experiences. Don&#8217;t hesitate to contact us for special requests.<\/p>\t\t\t\t\t\t\t\t<\/div>\n\t\t\t\t<\/div>\n\t\t\t\t<div class=\"elementor-element elementor-element-afff1e8 elementor-align-center elementor-widget elementor-widget-button\" data-id=\"afff1e8\" data-element_type=\"widget\" data-e-type=\"widget\" data-widget_type=\"button.default\">\n\t\t\t\t<div class=\"elementor-widget-container\">\n\t\t\t\t\t\t\t\t\t<div class=\"elementor-button-wrapper\">\n\t\t\t\t\t<a class=\"elementor-button elementor-button-link elementor-size-md\" href=\"https:\/\/hasatbno.com\/en\/contact\/\">\n\t\t\t\t\t\t<span class=\"elementor-button-content-wrapper\">\n\t\t\t\t\t\t\t\t\t<span class=\"elementor-button-text\">Contact<\/span>\n\t\t\t\t\t<\/span>\n\t\t\t\t\t<\/a>\n\t\t\t\t<\/div>\n\t\t\t\t\t\t\t\t<\/div>\n\t\t\t\t<\/div>\n\t\t\t\t<\/div>\n\t\t\t\t\t<\/div>\n\t\t\t\t<\/div>\n\t\t\t\t<\/div>\n\t\t","protected":false},"excerpt":{"rendered":"<p>HASAT BNO GROUP FOOD CATERING LIVESTOCK TEXTILE CONSTRUCTION INDUSTRY AND TRADE JOINT STOCK COMPANY FARMER, SUPPLIER REPRESENTATIVE \/ EMPLOYEE EXPLICIT CONSENT DECLARATION I have read and understood the disclosure text and personal data protection policy of HASAT BNO GRUP GIDA YEMEK HAYVANCILIK TEKST\u0130L \u0130N\u015eAAT SANAY\u0130 T\u0130CARET ANON\u0130M \u015e\u0130RKET\u0130, located at YILDIRIM MAHALLES\u0130 35 SOKAK NO: [&hellip;]<\/p>\n","protected":false},"author":1,"featured_media":0,"parent":0,"menu_order":0,"comment_status":"closed","ping_status":"closed","template":"","meta":{"footnotes":""},"class_list":["post-705","page","type-page","status-publish","hentry"],"_links":{"self":[{"href":"https:\/\/hasatbno.com\/en\/wp-json\/wp\/v2\/pages\/705","targetHints":{"allow":["GET"]}}],"collection":[{"href":"https:\/\/hasatbno.com\/en\/wp-json\/wp\/v2\/pages"}],"about":[{"href":"https:\/\/hasatbno.com\/en\/wp-json\/wp\/v2\/types\/page"}],"author":[{"embeddable":true,"href":"https:\/\/hasatbno.com\/en\/wp-json\/wp\/v2\/users\/1"}],"replies":[{"embeddable":true,"href":"https:\/\/hasatbno.com\/en\/wp-json\/wp\/v2\/comments?post=705"}],"version-history":[{"count":8,"href":"https:\/\/hasatbno.com\/en\/wp-json\/wp\/v2\/pages\/705\/revisions"}],"predecessor-version":[{"id":713,"href":"https:\/\/hasatbno.com\/en\/wp-json\/wp\/v2\/pages\/705\/revisions\/713"}],"wp:attachment":[{"href":"https:\/\/hasatbno.com\/en\/wp-json\/wp\/v2\/media?parent=705"}],"curies":[{"name":"wp","href":"https:\/\/api.w.org\/{rel}","templated":true}]}}